{"id":23,"date":"2015-05-14T16:50:28","date_gmt":"2015-05-14T14:50:28","guid":{"rendered":"https:\/\/www.speditionhelm.com\/\/?page_id=23"},"modified":"2015-10-30T11:55:29","modified_gmt":"2015-10-30T10:55:29","slug":"entsorgungen","status":"publish","type":"page","link":"https:\/\/www.speditionhelm.com\/index.php\/entsorgungen\/","title":{"rendered":"Entsorgungen"},"content":{"rendered":"<div class='content-column one_half'><h1>Wir sind die Umzugs-Experten \u2013<br \/>\nauch f\u00fcr Entsorgung<br \/>\nund Recycling!<\/h1><\/div><br \/>\n<div class='content-column one_half last_column'>Egal ob Sie eine komplette Wohnungsaufl\u00f6sung, eine Aktenvernichtung, oder auch nur ein paar Teile aus dem Keller zu entr\u00fcmpeln haben. Wir erledigen f\u00fcr Sie die professionelle Entsorgung und k\u00fcmmern uns, wenn m\u00f6glich, auch um eine Weiterverwertung der M\u00f6bel an Dritte.<\/p><\/div><div class='clear_column'><\/div><\/p>\n","protected":false},"excerpt":{"rendered":"","protected":false},"author":1,"featured_media":0,"parent":0,"menu_order":0,"comment_status":"closed","ping_status":"closed","template":"","meta":[],"yoast_head":"<!-- This site is optimized with the Yoast SEO plugin v19.5.1 - https:\/\/yoast.com\/wordpress\/plugins\/seo\/ -->\n<title>Entsorgungen - SPEDITION HELM M\u00fcnchen<\/title>\n<meta name=\"robots\" content=\"index, follow, max-snippet:-1, max-image-preview:large, max-video-preview:-1\" \/>\n<link rel=\"canonical\" href=\"https:\/\/www.speditionhelm.com\/index.php\/entsorgungen\/\" \/>\n<meta property=\"og:locale\" content=\"de_DE\" \/>\n<meta property=\"og:type\" content=\"article\" \/>\n<meta property=\"og:title\" content=\"Entsorgungen - SPEDITION HELM M\u00fcnchen\" \/>\n<meta property=\"og:url\" content=\"https:\/\/www.speditionhelm.com\/index.php\/entsorgungen\/\" \/>\n<meta property=\"og:site_name\" content=\"SPEDITION HELM M\u00fcnchen\" \/>\n<meta property=\"article:modified_time\" content=\"2015-10-30T10:55:29+00:00\" \/>\n<meta name=\"twitter:card\" content=\"summary\" \/>\n<script type=\"application\/ld+json\" class=\"yoast-schema-graph\">{\"@context\":\"https:\/\/schema.org\",\"@graph\":[{\"@type\":\"WebPage\",\"@id\":\"https:\/\/www.speditionhelm.com\/index.php\/entsorgungen\/\",\"url\":\"https:\/\/www.speditionhelm.com\/index.php\/entsorgungen\/\",\"name\":\"Entsorgungen - SPEDITION HELM M\u00fcnchen\",\"isPartOf\":{\"@id\":\"https:\/\/www.speditionhelm.com\/#website\"},\"datePublished\":\"2015-05-14T14:50:28+00:00\",\"dateModified\":\"2015-10-30T10:55:29+00:00\",\"breadcrumb\":{\"@id\":\"https:\/\/www.speditionhelm.com\/index.php\/entsorgungen\/#breadcrumb\"},\"inLanguage\":\"de-DE\",\"potentialAction\":[{\"@type\":\"ReadAction\",\"target\":[\"https:\/\/www.speditionhelm.com\/index.php\/entsorgungen\/\"]}]},{\"@type\":\"BreadcrumbList\",\"@id\":\"https:\/\/www.speditionhelm.com\/index.php\/entsorgungen\/#breadcrumb\",\"itemListElement\":[{\"@type\":\"ListItem\",\"position\":1,\"name\":\"Startseite\",\"item\":\"https:\/\/www.speditionhelm.com\/\"},{\"@type\":\"ListItem\",\"position\":2,\"name\":\"Entsorgungen\"}]},{\"@type\":\"WebSite\",\"@id\":\"https:\/\/www.speditionhelm.com\/#website\",\"url\":\"https:\/\/www.speditionhelm.com\/\",\"name\":\"SPEDITION HELM M\u00fcnchen\",\"description\":\"Der Umzugsfachmann\",\"potentialAction\":[{\"@type\":\"SearchAction\",\"target\":{\"@type\":\"EntryPoint\",\"urlTemplate\":\"https:\/\/www.speditionhelm.com\/?s={search_term_string}\"},\"query-input\":\"required name=search_term_string\"}],\"inLanguage\":\"de-DE\"}]}<\/script>\n<!-- \/ Yoast SEO plugin. -->","yoast_head_json":{"title":"Entsorgungen - SPEDITION HELM M\u00fcnchen","robots":{"index":"index","follow":"follow","max-snippet":"max-snippet:-1","max-image-preview":"max-image-preview:large","max-video-preview":"max-video-preview:-1"},"canonical":"https:\/\/www.speditionhelm.com\/index.php\/entsorgungen\/","og_locale":"de_DE","og_type":"article","og_title":"Entsorgungen - SPEDITION HELM M\u00fcnchen","og_url":"https:\/\/www.speditionhelm.com\/index.php\/entsorgungen\/","og_site_name":"SPEDITION HELM M\u00fcnchen","article_modified_time":"2015-10-30T10:55:29+00:00","twitter_card":"summary","schema":{"@context":"https:\/\/schema.org","@graph":[{"@type":"WebPage","@id":"https:\/\/www.speditionhelm.com\/index.php\/entsorgungen\/","url":"https:\/\/www.speditionhelm.com\/index.php\/entsorgungen\/","name":"Entsorgungen - SPEDITION HELM M\u00fcnchen","isPartOf":{"@id":"https:\/\/www.speditionhelm.com\/#website"},"datePublished":"2015-05-14T14:50:28+00:00","dateModified":"2015-10-30T10:55:29+00:00","breadcrumb":{"@id":"https:\/\/www.speditionhelm.com\/index.php\/entsorgungen\/#breadcrumb"},"inLanguage":"de-DE","potentialAction":[{"@type":"ReadAction","target":["https:\/\/www.speditionhelm.com\/index.php\/entsorgungen\/"]}]},{"@type":"BreadcrumbList","@id":"https:\/\/www.speditionhelm.com\/index.php\/entsorgungen\/#breadcrumb","itemListElement":[{"@type":"ListItem","position":1,"name":"Startseite","item":"https:\/\/www.speditionhelm.com\/"},{"@type":"ListItem","position":2,"name":"Entsorgungen"}]},{"@type":"WebSite","@id":"https:\/\/www.speditionhelm.com\/#website","url":"https:\/\/www.speditionhelm.com\/","name":"SPEDITION HELM M\u00fcnchen","description":"Der Umzugsfachmann","potentialAction":[{"@type":"SearchAction","target":{"@type":"EntryPoint","urlTemplate":"https:\/\/www.speditionhelm.com\/?s={search_term_string}"},"query-input":"required name=search_term_string"}],"inLanguage":"de-DE"}]}},"_links":{"self":[{"href":"https:\/\/www.speditionhelm.com\/index.php\/wp-json\/wp\/v2\/pages\/23"}],"collection":[{"href":"https:\/\/www.speditionhelm.com\/index.php\/wp-json\/wp\/v2\/pages"}],"about":[{"href":"https:\/\/www.speditionhelm.com\/index.php\/wp-json\/wp\/v2\/types\/page"}],"author":[{"embeddable":true,"href":"https:\/\/www.speditionhelm.com\/index.php\/wp-json\/wp\/v2\/users\/1"}],"replies":[{"embeddable":true,"href":"https:\/\/www.speditionhelm.com\/index.php\/wp-json\/wp\/v2\/comments?post=23"}],"version-history":[{"count":7,"href":"https:\/\/www.speditionhelm.com\/index.php\/wp-json\/wp\/v2\/pages\/23\/revisions"}],"predecessor-version":[{"id":404,"href":"https:\/\/www.speditionhelm.com\/index.php\/wp-json\/wp\/v2\/pages\/23\/revisions\/404"}],"wp:attachment":[{"href":"https:\/\/www.speditionhelm.com\/index.php\/wp-json\/wp\/v2\/media?parent=23"}],"curies":[{"name":"wp","href":"https:\/\/api.w.org\/{rel}","templated":true}]}}